{"id":9261,"date":"2023-10-15T21:30:00","date_gmt":"2023-10-15T19:30:00","guid":{"rendered":"https:\/\/bi-o.no\/?post_type=product&#038;p=9261"},"modified":"2024-07-22T21:52:54","modified_gmt":"2024-07-22T19:52:54","slug":"vossakvann-markusteigen","status":"publish","type":"product","link":"https:\/\/bi-o.no\/en\/product\/vossakvann-markusteigen\/","title":{"rendered":"Vossakvann &#8216;Markusteigen&#8217;"},"content":{"rendered":"<p><em>Angelica archangelica var. maiorum <\/em>F\u00e6gri<\/p>\n<p><a href=\"https:\/\/www.gbif.org\/species\/10828540\" rel=\"noopener\" target=\"_blank\"><strong>GBIF<\/strong><\/a><\/p>\n<p>Vosskvann er en variant av fjellkvann som er et resultat av en gammel dyrkingstradisjon p\u00e5 Voss. Vanlig fjellkvann har hule stengler og en noe bitter smak, men vossakvann har mer eller mindre fylte stengler og en mildere og friskere smak.<\/p>\n<p>Ved \u00e5 selektere for disse kvalitetene over flere hundre \u00e5r, og i sm\u00e5 avgrensede kvanneg\u00e5rder, oppstod det i tillegg flere separate linjer av vossakvann, ogs\u00e5 de med ulike egenskaper. Dyrkingen er g\u00e5tt mye tilbake de siste \u00e5rtier, det er antagelig kun 3 linjer igjen, og av enkelte av disse kun f\u00e5 individer.<\/p>\n<p>G\u00e5rden Markusteigen er en nedlagt fjellg\u00e5rd nord for Voss. Linjen var n\u00e6rmest utd\u00f8dd, men det finnes samlinger som vi har f\u00e5tt tilgang til i 2015-2017<\/p>\n<p><strong>Vi etablerte et felt i 2020 p\u00e5 S\u00f8rbr\u00e5ten g\u00e5rd i Maridalen med ca 400 planter. Disse ble det utf\u00f8rt streng seleksjon p\u00e5 i -22 og i -23, dvs. at kun planter med nesten eller helt fylt stengel bevares.<\/strong><\/p>\n","protected":false},"excerpt":{"rendered":"<p>\u00c5rets avling representerer en milep\u00e6l for oss, fordi den er resultat av mange \u00e5rs arbeide med vedlikehold av denne sorten. Ut fra et felt med 400 planter etablert i Maridalen i Oslo i 2020, har vi utf\u00f8rt streng seleksjon i to \u00e5r, og kan dermed n\u00e5 tilby ferske fr\u00f8 av h\u00f8y kvalitet.<\/p>\n<p><strong>NB! Spesielt i 2024: 20-30 sm\u00e5planter 5-10 cm<\/strong><\/p>\n","protected":false},"featured_media":8877,"template":"","meta":{"_lmt_disableupdate":"no","_lmt_disable":""},"product_brand":[],"product_cat":[324],"product_tag":[],"class_list":{"0":"post-9261","1":"product","2":"type-product","3":"status-publish","4":"has-post-thumbnail","6":"product_cat-vossakvann","7":"pa_alt-plants-seeds-production","8":"pa_alt-plants-seeds-testing","9":"pa_alt-plants-seeds-maintenance","10":"pa_alt-plants-plant-small","11":"pa_alt-plants-plant-medium","12":"no-featured-image-padding","13":"sales-flash-overlay","14":"woocommerce-text-align-center","15":"woocommerce-image-align-center","17":"first","18":"outofstock","19":"taxable","20":"shipping-taxable","21":"purchasable","22":"product-type-variable"},"_links":{"self":[{"href":"https:\/\/bi-o.no\/en\/wp-json\/wp\/v2\/product\/9261","targetHints":{"allow":["GET"]}}],"collection":[{"href":"https:\/\/bi-o.no\/en\/wp-json\/wp\/v2\/product"}],"about":[{"href":"https:\/\/bi-o.no\/en\/wp-json\/wp\/v2\/types\/product"}],"wp:featuredmedia":[{"embeddable":true,"href":"https:\/\/bi-o.no\/en\/wp-json\/wp\/v2\/media\/8877"}],"wp:attachment":[{"href":"https:\/\/bi-o.no\/en\/wp-json\/wp\/v2\/media?parent=9261"}],"wp:term":[{"taxonomy":"product_brand","embeddable":true,"href":"https:\/\/bi-o.no\/en\/wp-json\/wp\/v2\/product_brand?post=9261"},{"taxonomy":"product_cat","embeddable":true,"href":"https:\/\/bi-o.no\/en\/wp-json\/wp\/v2\/product_cat?post=9261"},{"taxonomy":"product_tag","embeddable":true,"href":"https:\/\/bi-o.no\/en\/wp-json\/wp\/v2\/product_tag?post=9261"}],"curies":[{"name":"wp","href":"https:\/\/api.w.org\/{rel}","templated":true}]}}