{"id":6120,"date":"2022-08-29T17:25:00","date_gmt":"2022-08-29T15:25:00","guid":{"rendered":"https:\/\/bi-o.no\/?post_type=product&#038;p=6120"},"modified":"2024-04-21T07:47:37","modified_gmt":"2024-04-21T05:47:37","slug":"rosa-lovetann","status":"publish","type":"product","link":"https:\/\/bi-o.no\/en\/product\/rosa-lovetann\/","title":{"rendered":"Rosa l\u00f8vetann"},"content":{"rendered":"<p><em>Taraxacum pseudoroseum<\/em> Schischk.<\/p>\n<p><a href=\"https:\/\/www.gbif.org\/species\/5394002\" target=\"_blank\" rel=\"noopener\">GBIF<\/a><\/p>\n<p>Fler\u00e5rig og t\u00e5ler frost. Selvpollinerende, s\u00e5 trenger i prinsippet kun \u00e9n plante for \u00e5 v\u00e6re selvforsynt med fr\u00f8.<\/p>\n<p>Mildere p\u00e5 smak enn de fleste eksemplarer av vanlig l\u00f8vetann man kan finne.<\/p>\n","protected":false},"excerpt":{"rendered":"<p>Rosa l\u00f8vetann fra Nepal. Mild p\u00e5 smak, og hele planten er spiselig.<\/p>\n","protected":false},"featured_media":10540,"template":"","meta":{"_lmt_disableupdate":"no","_lmt_disable":""},"product_brand":[],"product_cat":[418],"product_tag":[],"class_list":{"0":"post-6120","1":"product","2":"type-product","3":"status-publish","4":"has-post-thumbnail","6":"product_cat-andre-blad-stilk","7":"product_shipping_class-plante-liten","8":"pa_alt-plants-seeds-testing","9":"pa_alt-plants-plant-small","10":"pa_alt-plants-plant-large","11":"no-featured-image-padding","12":"sales-flash-overlay","13":"woocommerce-text-align-center","14":"woocommerce-image-align-center","16":"first","17":"instock","18":"taxable","19":"shipping-taxable","20":"purchasable","21":"product-type-variable"},"_links":{"self":[{"href":"https:\/\/bi-o.no\/en\/wp-json\/wp\/v2\/product\/6120","targetHints":{"allow":["GET"]}}],"collection":[{"href":"https:\/\/bi-o.no\/en\/wp-json\/wp\/v2\/product"}],"about":[{"href":"https:\/\/bi-o.no\/en\/wp-json\/wp\/v2\/types\/product"}],"wp:featuredmedia":[{"embeddable":true,"href":"https:\/\/bi-o.no\/en\/wp-json\/wp\/v2\/media\/10540"}],"wp:attachment":[{"href":"https:\/\/bi-o.no\/en\/wp-json\/wp\/v2\/media?parent=6120"}],"wp:term":[{"taxonomy":"product_brand","embeddable":true,"href":"https:\/\/bi-o.no\/en\/wp-json\/wp\/v2\/product_brand?post=6120"},{"taxonomy":"product_cat","embeddable":true,"href":"https:\/\/bi-o.no\/en\/wp-json\/wp\/v2\/product_cat?post=6120"},{"taxonomy":"product_tag","embeddable":true,"href":"https:\/\/bi-o.no\/en\/wp-json\/wp\/v2\/product_tag?post=6120"}],"curies":[{"name":"wp","href":"https:\/\/api.w.org\/{rel}","templated":true}]}}