{"id":12860,"date":"2024-04-20T09:29:13","date_gmt":"2024-04-20T07:29:13","guid":{"rendered":"https:\/\/bi-o.no\/?post_type=product&#038;p=12860"},"modified":"2024-09-03T17:18:07","modified_gmt":"2024-09-03T15:18:07","slug":"kinagresslok","status":"publish","type":"product","link":"https:\/\/bi-o.no\/en\/product\/kinagresslok\/","title":{"rendered":"Kinagressl\u00f8k"},"content":{"rendered":"<p><em>Allium victorialis<\/em>\u00a0L.<\/p>\n<p><a href=\"https:\/\/www.gbif.org\/species\/2856297\" target=\"_blank\" rel=\"noopener\">GBIF<\/a><\/p>\n<p><a href=\"https:\/\/en.wikipedia.org\/wiki\/Allium_tuberosum\" target=\"_blank\" rel=\"noopener\">Wikipedia<\/a><\/p>\n<p>Planten er viktig i Asia, og brukes f.eks. som standard ingrediens i dumplings. Brukes ellers som andre bladl\u00f8ker.<\/p>\n<p>Ca 5mm brede blader og vokser i klynger som enkelt kan deles. Enkel \u00e5 dyrke fr\u00f8 av som kan s\u00e5s tidlig om v\u00e5rene inne i kasse og plantes ut i bunter, enten som frittst\u00e5ende klaser eller i sammenhengende rad.<\/p>\n","protected":false},"excerpt":{"rendered":"<p>Bredbladet fler\u00e5rlig bredbladet gressl\u00f8k med mild og sv\u00e6rt god smak. H\u00f8stes hele sesongen.<\/p>\n","protected":false},"featured_media":13522,"template":"","meta":{"_lmt_disableupdate":"no","_lmt_disable":""},"product_brand":[],"product_cat":[311],"product_tag":[],"class_list":{"0":"post-12860","1":"product","2":"type-product","3":"status-publish","4":"has-post-thumbnail","6":"product_cat-kinagresslok","7":"pa_alt-allium-seeds-testing","8":"pa_alt-allium-seeds-maintenance","9":"pa_alt-allium-plants","10":"pa_alt-allium-plants-small","11":"no-featured-image-padding","12":"sales-flash-overlay","13":"woocommerce-text-align-center","14":"woocommerce-image-align-center","16":"first","17":"instock","18":"taxable","19":"shipping-taxable","20":"purchasable","21":"product-type-variable"},"_links":{"self":[{"href":"https:\/\/bi-o.no\/en\/wp-json\/wp\/v2\/product\/12860","targetHints":{"allow":["GET"]}}],"collection":[{"href":"https:\/\/bi-o.no\/en\/wp-json\/wp\/v2\/product"}],"about":[{"href":"https:\/\/bi-o.no\/en\/wp-json\/wp\/v2\/types\/product"}],"wp:featuredmedia":[{"embeddable":true,"href":"https:\/\/bi-o.no\/en\/wp-json\/wp\/v2\/media\/13522"}],"wp:attachment":[{"href":"https:\/\/bi-o.no\/en\/wp-json\/wp\/v2\/media?parent=12860"}],"wp:term":[{"taxonomy":"product_brand","embeddable":true,"href":"https:\/\/bi-o.no\/en\/wp-json\/wp\/v2\/product_brand?post=12860"},{"taxonomy":"product_cat","embeddable":true,"href":"https:\/\/bi-o.no\/en\/wp-json\/wp\/v2\/product_cat?post=12860"},{"taxonomy":"product_tag","embeddable":true,"href":"https:\/\/bi-o.no\/en\/wp-json\/wp\/v2\/product_tag?post=12860"}],"curies":[{"name":"wp","href":"https:\/\/api.w.org\/{rel}","templated":true}]}}