{"id":11056,"date":"2023-10-15T21:24:00","date_gmt":"2023-10-15T19:24:00","guid":{"rendered":"https:\/\/bi-o.no\/?post_type=product&#038;p=11056"},"modified":"2024-05-25T11:56:49","modified_gmt":"2024-05-25T09:56:49","slug":"blackcurrant-narve-viking","status":"publish","type":"product","link":"https:\/\/bi-o.no\/en\/product\/blackcurrant-narve-viking\/","title":{"rendered":"Blackcurrant &#8216;Narve Viking&#8217;"},"content":{"rendered":"<h3>Species<\/h3>\n<p><em>Ribes nigrum <\/em>L.<\/p>\n<p><a href=\"https:\/\/www.gbif.org\/species\/2986192\" target=\"_blank\" rel=\"noreferrer noopener\">GBIF<\/a><\/p>\n<p><a href=\"https:\/\/en.wikipedia.org\/wiki\/Blackcurrant\" target=\"_blank\" rel=\"noopener\">Wikipedia<\/a><\/p>\n<h3>Cultivar<\/h3>\n<table border=\"0\" cellspacing=\"0\">\n<tbody>\n<tr>\n<td align=\"left\" valign=\"top\" height=\"27\"><strong>Name<\/strong><\/td>\n<td align=\"left\" valign=\"top\">Narve Viking<\/td>\n<\/tr>\n<tr>\n<td align=\"left\" valign=\"top\" height=\"27\"><strong>Breeder<\/strong><\/td>\n<td align=\"left\" valign=\"top\">Johannes \u00d8ydvin<\/td>\n<\/tr>\n<tr>\n<td align=\"left\" valign=\"top\" height=\"27\"><b>Year<\/b><\/td>\n<td align=\"left\" valign=\"top\">1991<\/td>\n<\/tr>\n<tr>\n<td align=\"left\" valign=\"top\" height=\"27\"><strong>Parent cultivar 1<\/strong><\/td>\n<td align=\"left\" valign=\"top\">Ben Tron<\/td>\n<\/tr>\n<tr>\n<td align=\"left\" valign=\"top\" height=\"27\"><b>Parent cultivar 2<\/b><\/td>\n<td align=\"left\" valign=\"top\">SCRI C2\/1\/62<\/td>\n<\/tr>\n<tr>\n<td align=\"left\" valign=\"top\" height=\"65\"><b>History<\/b><\/td>\n<td align=\"left\" valign=\"top\">Selected as seedling S 3\/187-94, and planted in a clone test in 1995. Tested as N 14, and registered with the plant variety board 1997-10-30 (source 2)<\/td>\n<\/tr>\n<tr>\n<td align=\"left\" valign=\"top\" height=\"27\"><\/td>\n<td align=\"left\" valign=\"top\"><\/td>\n<\/tr>\n<tr>\n<td align=\"left\" valign=\"top\" height=\"27\"><b>Listet<\/b><\/td>\n<td align=\"left\" valign=\"top\">2000-14-12<\/td>\n<\/tr>\n<tr>\n<td align=\"left\" valign=\"top\" height=\"27\"><\/td>\n<td align=\"left\" valign=\"top\">no longer listed<\/td>\n<\/tr>\n<tr>\n<td align=\"left\" valign=\"top\" height=\"27\"><b>Vitamin C<\/b><\/td>\n<td align=\"left\" valign=\"top\">high (&gt;200 mg\/100 g compared to around 80 for Kristin)<\/td>\n<\/tr>\n<tr>\n<td align=\"left\" valign=\"top\" height=\"27\"><b>Juice colour<\/b><\/td>\n<td align=\"left\" valign=\"top\">good<\/td>\n<\/tr>\n<tr>\n<td align=\"left\" valign=\"top\" height=\"27\"><b>Growht habit<\/b><\/td>\n<td align=\"left\" valign=\"top\">upright<\/td>\n<\/tr>\n<tr>\n<td align=\"left\" valign=\"top\" height=\"27\"><b>Disease resistance<\/b><\/td>\n<td align=\"left\" valign=\"top\">powdery mildew and leaf drop diseases<\/td>\n<\/tr>\n<tr>\n<td align=\"left\" valign=\"top\" height=\"27\"><b>Performance<\/b><\/td>\n<td align=\"left\" valign=\"top\">high<\/td>\n<\/tr>\n<tr>\n<td align=\"left\" valign=\"top\" height=\"46\"><b>General assessment<\/b><\/td>\n<\/tr>\n<\/tbody>\n<\/table>\n<p>The data set is under development based on the sources:<\/p>\n<ol>\n<li><a href=\"https:\/\/www.blackcurrant-iba.com\/\" target=\"_blank\" rel=\"noopener\">International Blackcurrant Association<\/a><\/li>\n<li>NIBIO: <a href=\"https:\/\/www.yumpu.com\/no\/document\/view\/8716682\/om-ribes-sortene-skog-og-landskap\" target=\"_blank\" rel=\"noopener\">Om ribes-sortene<\/a> (publ. Skog og Landskap)<\/li>\n<li>NLR: <a href=\"https:\/\/www.nlr.no\/files\/documents\/Felles_Frukt_og_baer\/Kursserie-om-okologisk-frukt-og-baerproduksjon\/21102020-webinar-oekologisk-ribes.pdf\" target=\"_blank\" rel=\"noopener\">Felles frukt og b\u00e6r, Kursserie om \u00f8kologisk frukt og b\u00e6rproduksjon<\/a><\/li>\n<\/ol>\n<h3>Accession<\/h3>\n<p>Bi-O has received the propagation material from\u00a0<a href=\"https:\/\/sagaplant.no\/\" target=\"_blank\" rel=\"noopener\">Sagaplant<\/a>.<\/p>\n","protected":false},"excerpt":{"rendered":"<p>We deliver single plants in the period May-September or wood cuttings in early spring.<\/p>\n","protected":false},"featured_media":8940,"template":"","meta":{"_lmt_disableupdate":"no","_lmt_disable":""},"product_brand":[],"product_cat":[411],"product_tag":[],"class_list":{"0":"post-11056","1":"product","2":"type-product","3":"status-publish","4":"has-post-thumbnail","6":"product_cat-blackcurrant","7":"pa_alt-plants-plant-large-en","8":"pa_alt-plants-plant-medium-en","9":"pa_alt-plants-plant-small-en","10":"pa_alt-plants-vegetative-material-en","11":"no-featured-image-padding","12":"sales-flash-overlay","13":"woocommerce-text-align-center","14":"woocommerce-image-align-center","16":"first","17":"instock","18":"taxable","19":"shipping-taxable","20":"purchasable","21":"product-type-variable"},"_links":{"self":[{"href":"https:\/\/bi-o.no\/en\/wp-json\/wp\/v2\/product\/11056","targetHints":{"allow":["GET"]}}],"collection":[{"href":"https:\/\/bi-o.no\/en\/wp-json\/wp\/v2\/product"}],"about":[{"href":"https:\/\/bi-o.no\/en\/wp-json\/wp\/v2\/types\/product"}],"wp:featuredmedia":[{"embeddable":true,"href":"https:\/\/bi-o.no\/en\/wp-json\/wp\/v2\/media\/8940"}],"wp:attachment":[{"href":"https:\/\/bi-o.no\/en\/wp-json\/wp\/v2\/media?parent=11056"}],"wp:term":[{"taxonomy":"product_brand","embeddable":true,"href":"https:\/\/bi-o.no\/en\/wp-json\/wp\/v2\/product_brand?post=11056"},{"taxonomy":"product_cat","embeddable":true,"href":"https:\/\/bi-o.no\/en\/wp-json\/wp\/v2\/product_cat?post=11056"},{"taxonomy":"product_tag","embeddable":true,"href":"https:\/\/bi-o.no\/en\/wp-json\/wp\/v2\/product_tag?post=11056"}],"curies":[{"name":"wp","href":"https:\/\/api.w.org\/{rel}","templated":true}]}}