{"id":10879,"date":"2023-10-15T21:23:00","date_gmt":"2023-10-15T19:23:00","guid":{"rendered":"https:\/\/bi-o.no\/?post_type=product&#038;p=10879"},"modified":"2024-05-16T10:39:32","modified_gmt":"2024-05-16T08:39:32","slug":"tree-onion-from-sunnfjord","status":"publish","type":"product","link":"https:\/\/bi-o.no\/en\/product\/tree-onion-from-sunnfjord\/","title":{"rendered":"Tree onion from Sunnfjord"},"content":{"rendered":"<p>Denne stammer fra Sunnfjord i Vestland, og har store toppl\u00f8k, som ogs\u00e5 kan spises. Sorten er ikke rustfri lenge i Maridalen, men vi har f\u00e5tt rapport om at den klarer rustsoppen bedre lenger nord og h\u00f8yrere. Til gjengjeld er dette v\u00e5r mest riktgivende sort. Hardf\u00f8r, og kraftig i veksten.<\/p>\n<p>&nbsp;<\/p>\n<h2>Artsinfo<\/h2>\n<p><em>Allium x proliferum<\/em> (Moench) Schrad. ex Willd.<\/p>\n<p><a href=\"https:\/\/www.gbif.org\/species\/3697844\" target=\"_blank\" rel=\"noopener\">GBIF<\/a><\/p>\n<p><a href=\"https:\/\/en.wikipedia.org\/wiki\/Tree_onion\" target=\"_blank\" rel=\"noopener\">Wikipedia<\/a><\/p>\n<p>Luftl\u00f8k er en krysning mellom vanlig kepal\u00f8k (<em>Allium cepa)<\/em> og pipel\u00f8k (<em>Allium fistulosum)<\/em>, som oppst\u00e5r spontant eller ved avl og er en steril hybrid. Den har st\u00f8rre l\u00f8kbunn enn v\u00e5rl\u00f8k, men langt mindre enn kepa, og brukes mest p\u00e5 samme m\u00e5te som v\u00e5rl\u00f8k. Utover i sesongen dannes det klaser av toppl\u00f8k, som begynner \u00e5 skyte skudd, og slik kan det fortsette i flere etasjer. Derfor kalles den ogs\u00e5 etasjel\u00f8k. Etter hvert blir den topptung og b\u00f8yer seg mot bakken. Da sl\u00e5r ofte toppl\u00f8kene seg ned og danner r\u00f8tter, og slik fortsetter det bortover i hagen. Derfor kalles den p\u00e5 engelsk ogs\u00e5 &#8220;Walking onion&#8221;. I tillegg heter den av en eller annen grunn ogs\u00e5 der &#8220;egyptian onion&#8221;. I Norden har man uttrykket &#8220;pensjonistl\u00f8k&#8221;, fordi man kan h\u00f8ste toppl\u00f8kene selv om man skulle begynne \u00e5 slite med \u00e5 b\u00f8ye seg ned.<\/p>\n","protected":false},"excerpt":{"rendered":"<p>Robust sort med kraftig vekst og store toppl\u00f8k, men lite sterk mot rustsopp. Brukbar som v\u00e5rl\u00f8k ut juni. Leveres i form av l\u00f8k (tidlig v\u00e5r eller p\u00e5 h\u00f8sten) eller toppl\u00f8k (tidlig v\u00e5r og fra august)<\/p>\n","protected":false},"featured_media":8821,"template":"","meta":{"_lmt_disableupdate":"","_lmt_disable":""},"product_brand":[],"product_cat":[372],"product_tag":[430,441,429,431],"class_list":{"0":"post-10879","1":"product","2":"type-product","3":"status-publish","4":"has-post-thumbnail","6":"product_cat-tree-onion","7":"product_tag-hardy","8":"product_tag-hybrid-en","9":"product_tag-perennial","10":"product_tag-vegetative-propagation","11":"pa_alt-allium-bulb","12":"pa_alt-allium-top-sets","13":"no-featured-image-padding","14":"sales-flash-overlay","15":"woocommerce-text-align-center","16":"woocommerce-image-align-center","18":"first","19":"outofstock","20":"taxable","21":"shipping-taxable","22":"purchasable","23":"product-type-variable"},"_links":{"self":[{"href":"https:\/\/bi-o.no\/en\/wp-json\/wp\/v2\/product\/10879","targetHints":{"allow":["GET"]}}],"collection":[{"href":"https:\/\/bi-o.no\/en\/wp-json\/wp\/v2\/product"}],"about":[{"href":"https:\/\/bi-o.no\/en\/wp-json\/wp\/v2\/types\/product"}],"wp:featuredmedia":[{"embeddable":true,"href":"https:\/\/bi-o.no\/en\/wp-json\/wp\/v2\/media\/8821"}],"wp:attachment":[{"href":"https:\/\/bi-o.no\/en\/wp-json\/wp\/v2\/media?parent=10879"}],"wp:term":[{"taxonomy":"product_brand","embeddable":true,"href":"https:\/\/bi-o.no\/en\/wp-json\/wp\/v2\/product_brand?post=10879"},{"taxonomy":"product_cat","embeddable":true,"href":"https:\/\/bi-o.no\/en\/wp-json\/wp\/v2\/product_cat?post=10879"},{"taxonomy":"product_tag","embeddable":true,"href":"https:\/\/bi-o.no\/en\/wp-json\/wp\/v2\/product_tag?post=10879"}],"curies":[{"name":"wp","href":"https:\/\/api.w.org\/{rel}","templated":true}]}}