{"id":10867,"date":"2023-10-15T21:30:00","date_gmt":"2023-10-15T19:30:00","guid":{"rendered":"https:\/\/bi-o.no\/?post_type=product&#038;p=10867"},"modified":"2024-05-16T10:39:20","modified_gmt":"2024-05-16T08:39:20","slug":"tree-onion-from-gotland","status":"publish","type":"product","link":"https:\/\/bi-o.no\/en\/product\/tree-onion-from-gotland\/","title":{"rendered":"Tree onion from Gotland"},"content":{"rendered":"<p>Dette er en lovende sort som vi fikk fra en plantesamler hvis foreldre tok den med fra Gotland for flere ti\u00e5r siden.<\/p>\n<p>&nbsp;<\/p>\n<h2>Artsinfo<\/h2>\n<p><em>Allium x proliferum<\/em> (Moench) Schrad. ex Willd.<\/p>\n<p><a href=\"https:\/\/www.gbif.org\/species\/3697844\" target=\"_blank\" rel=\"noopener\">GBIF<\/a><\/p>\n<p><a href=\"https:\/\/en.wikipedia.org\/wiki\/Tree_onion\" target=\"_blank\" rel=\"noopener\">Wikipedia<\/a><\/p>\n<p>Luftl\u00f8k er en krysning mellom vanlig kepal\u00f8k (<em>Allium cepa)<\/em> og<em>\u00a0<\/em>pipel\u00f8k (<em>Allium fistulosum)<\/em>, som oppst\u00e5r spontant eller ved avl og er en steril hybrid. Den har st\u00f8rre l\u00f8kbunn enn v\u00e5rl\u00f8k, men langt mindre enn kepa, og brukes mest p\u00e5 samme m\u00e5te som v\u00e5rl\u00f8k. Utover i sesongen dannes det klaser av toppl\u00f8k, som begynner \u00e5 skyte skudd, og slik kan det fortsette i flere etasjer. Derfor kalles den ogs\u00e5 etasjel\u00f8k. Etter hvert blir den topptung og b\u00f8yer seg mot bakken. Da sl\u00e5r ofte toppl\u00f8kene seg ned og danner r\u00f8tter, og slik fortsetter det bortover i hagen. Derfor kalles den p\u00e5 engelsk ogs\u00e5 &#8220;Walking onion&#8221;. I tillegg heter den av en eller annen grunn ogs\u00e5 der &#8220;egyptian onion&#8221;. I Norden har man uttrykket &#8220;pensjonistl\u00f8k&#8221;, fordi man kan h\u00f8ste toppl\u00f8kene selv om man skulle begynne \u00e5 slite med \u00e5 b\u00f8ye seg ned.<\/p>\n","protected":false},"excerpt":{"rendered":"<p><strong>Vi oppformerer for salg estimert fra h\u00f8sten 2024<\/strong> Leveres i form av l\u00f8k (tidlig v\u00e5r eller p\u00e5 h\u00f8sten) eller toppl\u00f8k (tidlig v\u00e5r og fra august)<\/p>\n","protected":false},"featured_media":0,"template":"","meta":{"_lmt_disableupdate":"","_lmt_disable":""},"product_brand":[],"product_cat":[372],"product_tag":[430,441,429,431],"class_list":{"0":"post-10867","1":"product","2":"type-product","3":"status-publish","5":"product_cat-tree-onion","6":"product_tag-hardy","7":"product_tag-hybrid-en","8":"product_tag-perennial","9":"product_tag-vegetative-propagation","10":"pa_alt-allium-bulb","11":"pa_alt-allium-top-sets","12":"no-featured-image-padding","13":"sales-flash-overlay","14":"woocommerce-text-align-center","15":"woocommerce-image-align-center","17":"first","18":"outofstock","19":"taxable","20":"shipping-taxable","21":"purchasable","22":"product-type-variable"},"_links":{"self":[{"href":"https:\/\/bi-o.no\/en\/wp-json\/wp\/v2\/product\/10867","targetHints":{"allow":["GET"]}}],"collection":[{"href":"https:\/\/bi-o.no\/en\/wp-json\/wp\/v2\/product"}],"about":[{"href":"https:\/\/bi-o.no\/en\/wp-json\/wp\/v2\/types\/product"}],"wp:attachment":[{"href":"https:\/\/bi-o.no\/en\/wp-json\/wp\/v2\/media?parent=10867"}],"wp:term":[{"taxonomy":"product_brand","embeddable":true,"href":"https:\/\/bi-o.no\/en\/wp-json\/wp\/v2\/product_brand?post=10867"},{"taxonomy":"product_cat","embeddable":true,"href":"https:\/\/bi-o.no\/en\/wp-json\/wp\/v2\/product_cat?post=10867"},{"taxonomy":"product_tag","embeddable":true,"href":"https:\/\/bi-o.no\/en\/wp-json\/wp\/v2\/product_tag?post=10867"}],"curies":[{"name":"wp","href":"https:\/\/api.w.org\/{rel}","templated":true}]}}